{"id":8,"date":"2021-05-12T05:15:06","date_gmt":"2021-05-12T05:15:06","guid":{"rendered":"http:\/\/casaverdemare.it\/home\/"},"modified":"2026-02-24T14:33:33","modified_gmt":"2026-02-24T13:33:33","slug":"home","status":"publish","type":"page","link":"https:\/\/casaverdemare.it\/en\/","title":{"rendered":"Home"},"content":{"rendered":"<div class=\"wp-block-cover alignfull\" style=\"min-height:90vh;aspect-ratio:unset;\"><img decoding=\"async\" class=\"wp-block-cover__image-background wp-image-519 lazyload\" alt=\"\" src=\"data:image\/gif;base64,R0lGODlhAQABAIAAAAAAAP\/\/\/yH5BAEAAAAALAAAAAABAAEAAAIBRAA7\" data-src=\"http:\/\/casaverdemare.it\/wp-content\/uploads\/2023\/10\/IMG-20230803-WA0013.jpg\" style=\"object-position:41% 58%\" data-object-fit=\"cover\" data-object-position=\"41% 58%\"\/><noscript><img loading=\"lazy\" decoding=\"async\" width=\"1024\" height=\"1365\" class=\"wp-block-cover__image-background wp-image-519 lazyload\" alt=\"\" src=\"http:\/\/casaverdemare.it\/wp-content\/uploads\/2023\/10\/IMG-20230803-WA0013.jpg\" style=\"object-position:41% 58%\" data-object-fit=\"cover\" data-object-position=\"41% 58%\" srcset=\"https:\/\/casaverdemare.it\/wp-content\/uploads\/2023\/10\/IMG-20230803-WA0013.jpg 1024w, https:\/\/casaverdemare.it\/wp-content\/uploads\/2023\/10\/IMG-20230803-WA0013-225x300.jpg 225w, https:\/\/casaverdemare.it\/wp-content\/uploads\/2023\/10\/IMG-20230803-WA0013-768x1024.jpg 768w, https:\/\/casaverdemare.it\/wp-content\/uploads\/2023\/10\/IMG-20230803-WA0013-9x12.jpg 9w\" sizes=\"auto, (max-width: 1024px) 100vw, 1024px\" \/><\/noscript><span aria-hidden=\"true\" class=\"wp-block-cover__background has-ast-global-color-0-background-color has-background-dim-70 has-background-dim\"><\/span><div class=\"wp-block-cover__inner-container is-layout-flow wp-block-cover-is-layout-flow\">\n<h1 class=\"wp-block-heading has-white-color has-text-color\">A perfect place where to enjoy your time<\/h1>\n\n\n\n<p class=\"has-palette-color-5-color has-text-color\">Casa VerdeMare was born from an idea of Arianna and Mauro to set up a holiday home that evokes a sense of calm, a sunny and maritime place where you can take refuge for a break, a more or less long refreshment in all seasons. Naturally, Summertime reigns supreme but- as we know - \"Il mare d\u2019inverno\"* can be fascinating, too. And then Autumn in Rome, with its golden light and ocher, red and brown dominating but also Springtime with its mild days that warm us from the cold past months towards a new hot, well-being period to be experienced in open air enjoying the sea, the pine forest of Ostia and the art by which we are surrounded. (* Il mare d\u2019inverno is a famous Italian song performed by singer Loredana Bert\u00e8 in 1983, which celebrates the beauty and mystery of exploring seaside places during Wintertime)<\/p>\n\n\n\n<div class=\"wp-block-buttons is-horizontal is-content-justification-left is-layout-flex wp-container-core-buttons-is-layout-20be11b6 wp-block-buttons-is-layout-flex\">\n<div class=\"wp-block-button is-style-fill\"><a class=\"wp-block-button__link has-ast-global-color-2-color has-ast-global-color-4-background-color has-text-color has-background wp-element-button\" href=\"https:\/\/casaverdemare.it\/en\/contact\/\">Contact us and book<\/a><\/div>\n<\/div>\n<\/div><\/div>\n\n\n\n<div class=\"wp-block-group alignfull has-ast-global-color-5-background-color has-background is-layout-flow wp-block-group-is-layout-flow\">\n<div class=\"wp-block-columns alignwide is-layout-flex wp-container-core-columns-is-layout-28f84493 wp-block-columns-is-layout-flex\">\n<div class=\"wp-block-column is-layout-flow wp-block-column-is-layout-flow\">\n<figure class=\"wp-block-image alignwide size-large\"><img decoding=\"async\" src=\"data:image\/gif;base64,R0lGODlhAQABAIAAAAAAAP\/\/\/yH5BAEAAAAALAAAAAABAAEAAAIBRAA7\" data-src=\"http:\/\/casaverdemare.it\/wp-content\/uploads\/2023\/10\/IMG-20230803-WA0008-768x1024.jpg\" alt=\"\" class=\"wp-image-517 lazyload\"\/><noscript><img loading=\"lazy\" decoding=\"async\" width=\"768\" height=\"1024\" src=\"http:\/\/casaverdemare.it\/wp-content\/uploads\/2023\/10\/IMG-20230803-WA0008-768x1024.jpg\" alt=\"\" class=\"wp-image-517 lazyload\" srcset=\"https:\/\/casaverdemare.it\/wp-content\/uploads\/2023\/10\/IMG-20230803-WA0008-768x1024.jpg 768w, https:\/\/casaverdemare.it\/wp-content\/uploads\/2023\/10\/IMG-20230803-WA0008-225x300.jpg 225w, https:\/\/casaverdemare.it\/wp-content\/uploads\/2023\/10\/IMG-20230803-WA0008-9x12.jpg 9w, https:\/\/casaverdemare.it\/wp-content\/uploads\/2023\/10\/IMG-20230803-WA0008.jpg 1024w\" sizes=\"auto, (max-width: 768px) 100vw, 768px\" \/><\/noscript><\/figure>\n<\/div>\n\n\n\n<div class=\"wp-block-column is-layout-flow wp-block-column-is-layout-flow\">\n<h2 class=\"wp-block-heading has-text-align-left\">A small cozy apartment fully equipped in order to give our guests the most warming and friendly welcome we can.<\/h2>\n\n\n\n<figure class=\"wp-block-image alignwide size-large\"><img decoding=\"async\" src=\"data:image\/gif;base64,R0lGODlhAQABAIAAAAAAAP\/\/\/yH5BAEAAAAALAAAAAABAAEAAAIBRAA7\" data-src=\"http:\/\/casaverdemare.it\/wp-content\/uploads\/2023\/10\/IMG-20230809-WA0056-768x1024.jpg\" alt=\"\" class=\"wp-image-472 lazyload\"\/><noscript><img loading=\"lazy\" decoding=\"async\" width=\"768\" height=\"1024\" src=\"http:\/\/casaverdemare.it\/wp-content\/uploads\/2023\/10\/IMG-20230809-WA0056-768x1024.jpg\" alt=\"\" class=\"wp-image-472 lazyload\" srcset=\"https:\/\/casaverdemare.it\/wp-content\/uploads\/2023\/10\/IMG-20230809-WA0056-768x1024.jpg 768w, https:\/\/casaverdemare.it\/wp-content\/uploads\/2023\/10\/IMG-20230809-WA0056-225x300.jpg 225w, https:\/\/casaverdemare.it\/wp-content\/uploads\/2023\/10\/IMG-20230809-WA0056-1152x1536.jpg 1152w, https:\/\/casaverdemare.it\/wp-content\/uploads\/2023\/10\/IMG-20230809-WA0056-9x12.jpg 9w, https:\/\/casaverdemare.it\/wp-content\/uploads\/2023\/10\/IMG-20230809-WA0056.jpg 1200w\" sizes=\"auto, (max-width: 768px) 100vw, 768px\" \/><\/noscript><\/figure>\n<\/div>\n<\/div>\n<\/div>\n\n\n\n<div class=\"wp-block-group alignfull has-ast-global-color-4-background-color has-background is-layout-flow wp-block-group-is-layout-flow\">\n<div class=\"wp-block-columns alignwide are-vertically-aligned-bottom is-layout-flex wp-container-core-columns-is-layout-28f84493 wp-block-columns-is-layout-flex\">\n<div class=\"wp-block-column is-vertically-aligned-bottom is-layout-flow wp-block-column-is-layout-flow\">\n<h2 class=\"wp-block-heading has-text-align-left\">Equipments<\/h2>\n\n\n\n<ul class=\"wp-block-list\">\n<li>Kitchen with washing machine, washing machine, refrigerator, oven, microwave, coffee maker, electric bowl, cleaning set<\/li>\n\n\n\n<li>Room equipped with central fan, smart TV, Netflix streaming subscription, a comfortable double bed, a sofa bed, a large wardrobe<\/li>\n\n\n\n<li><strong><u>Bed, bathroom and kitchen linen provided by Casa VerdeMare<\/u><\/strong><\/li>\n\n\n\n<li>Wifi<\/li>\n\n\n\n<li>Desk at the entrance for those who need smartworking or alternatively, a pleasant view from a nice habitable balcony, with table and chairs<\/li>\n\n\n\n<li>Bathroom with shower (hairdryer)<\/li>\n\n\n\n<li>Central heating<\/li>\n\n\n\n<li><strong style=\"color: #ff0000\">FREE PARKING<\/strong><\/li>\n<\/ul>\n<\/div>\n\n\n\n<div class=\"wp-block-column is-vertically-aligned-bottom is-layout-flow wp-block-column-is-layout-flow\">\n<div class=\"wp-block-buttons is-horizontal is-content-justification-right is-layout-flex wp-container-core-buttons-is-layout-30af2ff6 wp-block-buttons-is-layout-flex\"><\/div>\n<\/div>\n<\/div>\n\n\n\n<div class=\"wp-block-group alignwide is-layout-constrained wp-block-group-is-layout-constrained\">\n<div class=\"wp-block-columns alignwide are-vertically-aligned-top is-layout-flex wp-container-core-columns-is-layout-28f84493 wp-block-columns-is-layout-flex\">\n<div class=\"wp-block-column is-vertically-aligned-top is-layout-flow wp-block-column-is-layout-flow\">\n<figure class=\"wp-block-image alignright size-large is-resized\"><img decoding=\"async\" src=\"data:image\/gif;base64,R0lGODlhAQABAIAAAAAAAP\/\/\/yH5BAEAAAAALAAAAAABAAEAAAIBRAA7\" data-src=\"http:\/\/casaverdemare.it\/wp-content\/uploads\/2023\/10\/IMG_20231014_122504-768x1024.jpg\" alt=\"\" class=\"wp-image-504 lazyload\" style=\"aspect-ratio:0.75;width:342px;height:auto\"\/><noscript><img loading=\"lazy\" decoding=\"async\" width=\"768\" height=\"1024\" src=\"http:\/\/casaverdemare.it\/wp-content\/uploads\/2023\/10\/IMG_20231014_122504-768x1024.jpg\" alt=\"\" class=\"wp-image-504 lazyload\" style=\"aspect-ratio:0.75;width:342px;height:auto\" srcset=\"https:\/\/casaverdemare.it\/wp-content\/uploads\/2023\/10\/IMG_20231014_122504-768x1024.jpg 768w, https:\/\/casaverdemare.it\/wp-content\/uploads\/2023\/10\/IMG_20231014_122504-225x300.jpg 225w, https:\/\/casaverdemare.it\/wp-content\/uploads\/2023\/10\/IMG_20231014_122504-1152x1536.jpg 1152w, https:\/\/casaverdemare.it\/wp-content\/uploads\/2023\/10\/IMG_20231014_122504-1536x2048.jpg 1536w, https:\/\/casaverdemare.it\/wp-content\/uploads\/2023\/10\/IMG_20231014_122504-9x12.jpg 9w, https:\/\/casaverdemare.it\/wp-content\/uploads\/2023\/10\/IMG_20231014_122504-scaled.jpg 1920w\" sizes=\"auto, (max-width: 768px) 100vw, 768px\" \/><\/noscript><\/figure>\n<\/div>\n\n\n\n<div class=\"wp-block-column is-vertically-aligned-top is-layout-flow wp-block-column-is-layout-flow\">\n<h3 class=\"wp-block-heading\">Who is Casa VerdeMare suitable for?<\/h3>\n\n\n\n<p>Per un viaggiatore singolo, una coppia o un genitore con un bambino\/adolescente, poich\u00e9 la capacit\u00e0 massima ideale \u00e8 di 2 persone.<\/p>\n\n\n\n<p><\/p>\n<\/div>\n<\/div>\n<\/div>\n<\/div>\n\n\n\n<div class=\"wp-block-group alignfull has-ast-global-color-5-background-color has-background is-layout-flow wp-block-group-is-layout-flow\">\n<h2 class=\"wp-block-heading has-text-align-center\">WHAT ABOUT OUR BELOVED PETS?<\/h2>\n\n\n\n<p class=\"has-text-align-center\">Being animal lovers,we believe it is appropriate to host them for free, in order to allow those who, like us, live with pets also to travel with them  with no worries. During Summertime,in Ostia, there are some dedicated beaches and for those who wish (according to scheduled calendar), we provide group dog walks in the surrounding area (also in Ostia Antica) or individual activities to be practiced with a certified dog trainer. Please,conctact me for any further info or details you may need. <strong><a href=\"mailto:arianna@casaverdemare.it\">arianna@casaverdemare.it<\/a><\/strong><\/p>\n\n\n\n<div class=\"wp-block-columns alignwide are-vertically-aligned-center is-layout-flex wp-container-core-columns-is-layout-28f84493 wp-block-columns-is-layout-flex\">\n<div class=\"wp-block-column is-vertically-aligned-center is-layout-flow wp-block-column-is-layout-flow\" style=\"flex-basis:33.33%\">\n<figure class=\"wp-block-image size-large\"><img decoding=\"async\" src=\"data:image\/gif;base64,R0lGODlhAQABAIAAAAAAAP\/\/\/yH5BAEAAAAALAAAAAABAAEAAAIBRAA7\" data-src=\"http:\/\/casaverdemare.it\/wp-content\/uploads\/2023\/10\/IMG-20230809-TRE-768x1024.jpg\" alt=\"\" class=\"wp-image-464 lazyload\"\/><noscript><img loading=\"lazy\" decoding=\"async\" width=\"768\" height=\"1024\" src=\"http:\/\/casaverdemare.it\/wp-content\/uploads\/2023\/10\/IMG-20230809-TRE-768x1024.jpg\" alt=\"\" class=\"wp-image-464 lazyload\" srcset=\"https:\/\/casaverdemare.it\/wp-content\/uploads\/2023\/10\/IMG-20230809-TRE-768x1024.jpg 768w, https:\/\/casaverdemare.it\/wp-content\/uploads\/2023\/10\/IMG-20230809-TRE-225x300.jpg 225w, https:\/\/casaverdemare.it\/wp-content\/uploads\/2023\/10\/IMG-20230809-TRE-9x12.jpg 9w, https:\/\/casaverdemare.it\/wp-content\/uploads\/2023\/10\/IMG-20230809-TRE.jpg 1024w\" sizes=\"auto, (max-width: 768px) 100vw, 768px\" \/><\/noscript><\/figure>\n<\/div>\n\n\n\n<div class=\"wp-block-column is-vertically-aligned-center is-layout-flow wp-block-column-is-layout-flow\" style=\"flex-basis:66.66%\">\n<figure class=\"wp-block-image size-large\"><img decoding=\"async\" src=\"data:image\/gif;base64,R0lGODlhAQABAIAAAAAAAP\/\/\/yH5BAEAAAAALAAAAAABAAEAAAIBRAA7\" data-src=\"http:\/\/casaverdemare.it\/wp-content\/uploads\/2023\/10\/zoe-1024x875.jpg\" alt=\"\" class=\"wp-image-478 lazyload\"\/><noscript><img loading=\"lazy\" decoding=\"async\" width=\"1024\" height=\"875\" src=\"http:\/\/casaverdemare.it\/wp-content\/uploads\/2023\/10\/zoe-1024x875.jpg\" alt=\"\" class=\"wp-image-478 lazyload\" srcset=\"https:\/\/casaverdemare.it\/wp-content\/uploads\/2023\/10\/zoe-1024x875.jpg 1024w, https:\/\/casaverdemare.it\/wp-content\/uploads\/2023\/10\/zoe-300x256.jpg 300w, https:\/\/casaverdemare.it\/wp-content\/uploads\/2023\/10\/zoe-768x656.jpg 768w, https:\/\/casaverdemare.it\/wp-content\/uploads\/2023\/10\/zoe-1536x1313.jpg 1536w, https:\/\/casaverdemare.it\/wp-content\/uploads\/2023\/10\/zoe-2048x1750.jpg 2048w, https:\/\/casaverdemare.it\/wp-content\/uploads\/2023\/10\/zoe-14x12.jpg 14w\" sizes=\"auto, (max-width: 1024px) 100vw, 1024px\" \/><\/noscript><\/figure>\n<\/div>\n<\/div>\n\n\n\n<div class=\"wp-block-columns alignwide are-vertically-aligned-center is-layout-flex wp-container-core-columns-is-layout-28f84493 wp-block-columns-is-layout-flex\">\n<div class=\"wp-block-column is-vertically-aligned-center is-layout-flow wp-block-column-is-layout-flow\" style=\"flex-basis:68%\">\n<p>We offer: bowls, welcome kit, dog trainer (on request for individual or group sessions, additional costs to be defined based on needs)<\/p>\n<\/div>\n\n\n\n<div class=\"wp-block-column is-vertically-aligned-center is-layout-flow wp-block-column-is-layout-flow\" style=\"flex-basis:16%\">\n<figure class=\"wp-block-image size-full is-resized\"><a href=\"https:\/\/www.zampavacanza.it\"><img decoding=\"async\" src=\"data:image\/gif;base64,R0lGODlhAQABAIAAAAAAAP\/\/\/yH5BAEAAAAALAAAAAABAAEAAAIBRAA7\" data-src=\"http:\/\/casaverdemare.it\/wp-content\/uploads\/2023\/10\/siamo-a-dog-200x200-ccfe0ade1a3c39b52681604f6028e5be2fd14422aaff492ca2dbf039a671b6a5.png\" alt=\"\" class=\"wp-image-575 lazyload\" style=\"aspect-ratio:1;width:127px;height:auto\"\/><noscript><img loading=\"lazy\" decoding=\"async\" width=\"200\" height=\"200\" src=\"http:\/\/casaverdemare.it\/wp-content\/uploads\/2023\/10\/siamo-a-dog-200x200-ccfe0ade1a3c39b52681604f6028e5be2fd14422aaff492ca2dbf039a671b6a5.png\" alt=\"\" class=\"wp-image-575 lazyload\" style=\"aspect-ratio:1;width:127px;height:auto\" srcset=\"https:\/\/casaverdemare.it\/wp-content\/uploads\/2023\/10\/siamo-a-dog-200x200-ccfe0ade1a3c39b52681604f6028e5be2fd14422aaff492ca2dbf039a671b6a5.png 200w, https:\/\/casaverdemare.it\/wp-content\/uploads\/2023\/10\/siamo-a-dog-200x200-ccfe0ade1a3c39b52681604f6028e5be2fd14422aaff492ca2dbf039a671b6a5-150x150.png 150w, https:\/\/casaverdemare.it\/wp-content\/uploads\/2023\/10\/siamo-a-dog-200x200-ccfe0ade1a3c39b52681604f6028e5be2fd14422aaff492ca2dbf039a671b6a5-12x12.png 12w\" sizes=\"auto, (max-width: 200px) 100vw, 200px\" \/><\/noscript><\/a><\/figure>\n<\/div>\n\n\n\n<div class=\"wp-block-column is-layout-flow wp-block-column-is-layout-flow\" style=\"flex-basis:16%\">\n<figure class=\"wp-block-image size-full is-resized\"><a href=\"https:\/\/www.zampavacanza.it\/struttura-animali-ammessi\/25070\"><img decoding=\"async\" src=\"data:image\/gif;base64,R0lGODlhAQABAIAAAAAAAP\/\/\/yH5BAEAAAAALAAAAAABAAEAAAIBRAA7\" data-src=\"http:\/\/casaverdemare.it\/wp-content\/uploads\/2023\/10\/siamo-a-dog-b8a9db7882237be574d013ec0124a9a68f933243667a1fccca0b73ae185bd2f9.png\" alt=\"\" class=\"wp-image-576 lazyload\" style=\"aspect-ratio:0.6363636363636364;width:79px;height:auto\"\/><noscript><img loading=\"lazy\" decoding=\"async\" width=\"70\" height=\"110\" src=\"http:\/\/casaverdemare.it\/wp-content\/uploads\/2023\/10\/siamo-a-dog-b8a9db7882237be574d013ec0124a9a68f933243667a1fccca0b73ae185bd2f9.png\" alt=\"\" class=\"wp-image-576 lazyload\" style=\"aspect-ratio:0.6363636363636364;width:79px;height:auto\" srcset=\"https:\/\/casaverdemare.it\/wp-content\/uploads\/2023\/10\/siamo-a-dog-b8a9db7882237be574d013ec0124a9a68f933243667a1fccca0b73ae185bd2f9.png 70w, https:\/\/casaverdemare.it\/wp-content\/uploads\/2023\/10\/siamo-a-dog-b8a9db7882237be574d013ec0124a9a68f933243667a1fccca0b73ae185bd2f9-8x12.png 8w\" sizes=\"auto, (max-width: 70px) 100vw, 70px\" \/><\/noscript><\/a><\/figure>\n<\/div>\n<\/div>\n\n\n\n<p><\/p>\n<\/div>\n\n\n\n<div class=\"wp-block-group alignfull has-ast-global-color-5-background-color has-background is-layout-flow wp-block-group-is-layout-flow\">\n<h2 class=\"wp-block-heading has-text-align-center\">How to book<\/h2>\n\n\n\n<p class=\"has-text-align-center\">Call us at <a href=\"tel:00393889394099\" title=\"\"><strong>+39 388 9394099<\/strong><\/a> or write to <a href=\"mailto:arianna@casaverdemare.it\"><strong>arianna@casaverdemare.it<\/strong><\/a><\/p>\n\n\n\n<p>Once you book, we require a deposit equal to 30% of the amount due (balance upon arrival)<\/p>\n\n\n\n<p>Free cancellation up to 5 days before arrival.<\/p>\n\n\n\n<p><strong>HOW TO PAY<\/strong>:<\/p>\n\n\n\n<ul class=\"wp-block-list\">\n<li>bank transfer\/wire transfer<\/li>\n\n\n\n<li>cash at the facility during check-in<\/li>\n<\/ul>\n\n\n\n<h2 class=\"wp-block-heading has-text-align-center\">How to get<\/h2>\n\n\n\n<div class=\"wp-block-group alignfull has-ast-global-color-5-background-color has-background is-layout-constrained wp-block-group-is-layout-constrained\">\n<iframe class=\"lazyload\" data-src=\"https:\/\/www.google.com\/maps\/embed?pb=!1m18!1m12!1m3!1d2977.539678141027!2d12.289832176514597!3d41.73045097464495!2m3!1f0!2f0!3f0!3m2!1i1024!2i768!4f13.1!3m3!1m2!1s0x1325ef44b7e7122d%3A0xe81842be7e2ecf9a!2sCasa%20VerdeMare!5e0!3m2!1sit!2sit!4v1695482222236!5m2!1sit!2sit\" width=\"600\" height=\"450\" style=\"border:0;\" allowfullscreen=\"\" loading=\"lazy\" referrerpolicy=\"no-referrer-when-downgrade\"><\/iframe>\n\n\n\n<h4 class=\"wp-block-heading has-palette-color-2-color has-text-color\" style=\"font-style:normal;font-weight:800\">\u2708\ufe0f <mark style=\"background-color:var(--theme-palette-color-2, #268c7e)\" class=\"has-inline-color has-palette-color-8-color\"> <strong>FREE SHUTTLE SERVICE TO AND FROM FIUMICINO AIRPORT<\/strong> <\/mark><\/h4>\n\n\n\n<div class=\"wp-block-columns is-layout-flex wp-container-core-columns-is-layout-28f84493 wp-block-columns-is-layout-flex\">\n<div class=\"wp-block-column is-layout-constrained wp-block-column-is-layout-constrained\" style=\"flex-basis:300px\">\n<h4 class=\"wp-block-heading has-text-align-right\">SPOKEN LANGUAGES: <\/h4>\n<\/div>\n\n\n\n<div class=\"wp-block-column is-layout-flow wp-block-column-is-layout-flow\">\n<div class=\"wp-block-columns is-layout-flex wp-container-core-columns-is-layout-28f84493 wp-block-columns-is-layout-flex\">\n<div class=\"wp-block-column is-layout-flow wp-block-column-is-layout-flow\" style=\"flex-basis:30px\">\n<figure class=\"wp-block-image size-full is-resized\"><img decoding=\"async\" src=\"data:image\/gif;base64,R0lGODlhAQABAIAAAAAAAP\/\/\/yH5BAEAAAAALAAAAAABAAEAAAIBRAA7\" data-src=\"http:\/\/casaverdemare.it\/wp-content\/uploads\/2023\/10\/ita.png\" alt=\"\" class=\"wp-image-581 lazyload\" style=\"width:30px\"\/><noscript><img loading=\"lazy\" decoding=\"async\" width=\"30\" height=\"20\" src=\"http:\/\/casaverdemare.it\/wp-content\/uploads\/2023\/10\/ita.png\" alt=\"\" class=\"wp-image-581 lazyload\" style=\"width:30px\" srcset=\"https:\/\/casaverdemare.it\/wp-content\/uploads\/2023\/10\/ita.png 30w, https:\/\/casaverdemare.it\/wp-content\/uploads\/2023\/10\/ita-18x12.png 18w\" sizes=\"auto, (max-width: 30px) 100vw, 30px\" \/><\/noscript><\/figure>\n<\/div>\n\n\n\n<div class=\"wp-block-column is-layout-flow wp-block-column-is-layout-flow\" style=\"flex-basis:30px\">\n<figure class=\"wp-block-image size-full is-resized\"><img decoding=\"async\" src=\"data:image\/gif;base64,R0lGODlhAQABAIAAAAAAAP\/\/\/yH5BAEAAAAALAAAAAABAAEAAAIBRAA7\" data-src=\"http:\/\/casaverdemare.it\/wp-content\/uploads\/2023\/10\/gbt.png\" alt=\"\" class=\"wp-image-580 lazyload\" style=\"width:30px\"\/><noscript><img loading=\"lazy\" decoding=\"async\" width=\"30\" height=\"20\" src=\"http:\/\/casaverdemare.it\/wp-content\/uploads\/2023\/10\/gbt.png\" alt=\"\" class=\"wp-image-580 lazyload\" style=\"width:30px\" srcset=\"https:\/\/casaverdemare.it\/wp-content\/uploads\/2023\/10\/gbt.png 30w, https:\/\/casaverdemare.it\/wp-content\/uploads\/2023\/10\/gbt-18x12.png 18w\" sizes=\"auto, (max-width: 30px) 100vw, 30px\" \/><\/noscript><\/figure>\n<\/div>\n\n\n\n<div class=\"wp-block-column is-layout-flow wp-block-column-is-layout-flow\" style=\"flex-basis:30px\">\n<figure class=\"wp-block-image size-full is-resized\"><img decoding=\"async\" src=\"data:image\/gif;base64,R0lGODlhAQABAIAAAAAAAP\/\/\/yH5BAEAAAAALAAAAAABAAEAAAIBRAA7\" data-src=\"http:\/\/casaverdemare.it\/wp-content\/uploads\/2023\/10\/esp.png\" alt=\"\" class=\"wp-image-579 lazyload\" style=\"width:30px\"\/><noscript><img loading=\"lazy\" decoding=\"async\" width=\"30\" height=\"20\" src=\"http:\/\/casaverdemare.it\/wp-content\/uploads\/2023\/10\/esp.png\" alt=\"\" class=\"wp-image-579 lazyload\" style=\"width:30px\" srcset=\"https:\/\/casaverdemare.it\/wp-content\/uploads\/2023\/10\/esp.png 30w, https:\/\/casaverdemare.it\/wp-content\/uploads\/2023\/10\/esp-18x12.png 18w\" sizes=\"auto, (max-width: 30px) 100vw, 30px\" \/><\/noscript><\/figure>\n<\/div>\n<\/div>\n<\/div>\n<\/div>\n\n\n\n<p><\/p>\n<\/div>\n<\/div>","protected":false},"excerpt":{"rendered":"<p>Un piccolo appartamento bomboniera dotato di tutti i comfort per degli ospiti che desideriamo fortemente si sentano fra amici,coccolati. Le Dotazioni Per chi \u00e8 adatta Casa VerdeMare Per un viaggiatore singolo, una coppia o un genitore con un bambino\/adolescente, poich\u00e9 la capacit\u00e0 massima ideale \u00e8 di 2 persone. E per i nostri amici animali? Il [&hellip;]<\/p>\n","protected":false},"author":1,"featured_media":0,"parent":0,"menu_order":0,"comment_status":"closed","ping_status":"closed","template":"","meta":{"footnotes":""},"class_list":["post-8","page","type-page","status-publish","hentry"],"blocksy_meta":[],"aioseo_notices":[],"_links":{"self":[{"href":"https:\/\/casaverdemare.it\/en\/wp-json\/wp\/v2\/pages\/8","targetHints":{"allow":["GET"]}}],"collection":[{"href":"https:\/\/casaverdemare.it\/en\/wp-json\/wp\/v2\/pages"}],"about":[{"href":"https:\/\/casaverdemare.it\/en\/wp-json\/wp\/v2\/types\/page"}],"author":[{"embeddable":true,"href":"https:\/\/casaverdemare.it\/en\/wp-json\/wp\/v2\/users\/1"}],"replies":[{"embeddable":true,"href":"https:\/\/casaverdemare.it\/en\/wp-json\/wp\/v2\/comments?post=8"}],"version-history":[{"count":19,"href":"https:\/\/casaverdemare.it\/en\/wp-json\/wp\/v2\/pages\/8\/revisions"}],"predecessor-version":[{"id":743,"href":"https:\/\/casaverdemare.it\/en\/wp-json\/wp\/v2\/pages\/8\/revisions\/743"}],"wp:attachment":[{"href":"https:\/\/casaverdemare.it\/en\/wp-json\/wp\/v2\/media?parent=8"}],"curies":[{"name":"wp","href":"https:\/\/api.w.org\/{rel}","templated":true}]}}